{"id":20,"date":"2023-08-01T13:46:14","date_gmt":"2023-08-01T11:46:14","guid":{"rendered":"https:\/\/lgpc-bf.com\/?page_id=20"},"modified":"2023-08-06T17:19:33","modified_gmt":"2023-08-06T15:19:33","slug":"mentions-legales","status":"publish","type":"page","link":"https:\/\/lgpc-bf.com\/?page_id=20","title":{"rendered":"MENTIONS L\u00c9GALES"},"content":{"rendered":"\t\t<div data-elementor-type=\"wp-page\" data-elementor-id=\"20\" class=\"elementor elementor-20\">\n\t\t\t\t\t\t<section class=\"elementor-section elementor-top-section elementor-element elementor-element-5d94f39 elementor-section-stretched elementor-section-boxed elementor-section-height-default elementor-section-height-default\" data-id=\"5d94f39\" data-element_type=\"section\" data-settings=\"{&quot;stretch_section&quot;:&quot;section-stretched&quot;,&quot;background_background&quot;:&quot;classic&quot;}\">\n\t\t\t\t\t\t\t<div class=\"elementor-background-overlay\"><\/div>\n\t\t\t\t\t\t\t<div class=\"elementor-container elementor-column-gap-default\">\n\t\t\t\t\t<div class=\"elementor-column elementor-col-100 elementor-top-column elementor-element elementor-element-a647db3\" data-id=\"a647db3\" data-element_type=\"column\">\n\t\t\t<div class=\"elementor-widget-wrap elementor-element-populated\">\n\t\t\t\t\t\t<div class=\"elementor-element elementor-element-e3437c3 elementor-widget__width-initial elementor-widget elementor-widget-heading\" data-id=\"e3437c3\" data-element_type=\"widget\" data-widget_type=\"heading.default\">\n\t\t\t\t<div class=\"elementor-widget-container\">\n\t\t\t<style>\/*! elementor - v3.22.0 - 26-06-2024 *\/\n.elementor-heading-title{padding:0;margin:0;line-height:1}.elementor-widget-heading .elementor-heading-title[class*=elementor-size-]>a{color:inherit;font-size:inherit;line-height:inherit}.elementor-widget-heading .elementor-heading-title.elementor-size-small{font-size:15px}.elementor-widget-heading .elementor-heading-title.elementor-size-medium{font-size:19px}.elementor-widget-heading .elementor-heading-title.elementor-size-large{font-size:29px}.elementor-widget-heading .elementor-heading-title.elementor-size-xl{font-size:39px}.elementor-widget-heading .elementor-heading-title.elementor-size-xxl{font-size:59px}<\/style><h1 class=\"elementor-heading-title elementor-size-default\">Mentions L\u00e9gales<\/h1>\t\t<\/div>\n\t\t\t\t<\/div>\n\t\t\t\t\t<\/div>\n\t\t<\/div>\n\t\t\t\t\t<\/div>\n\t\t<\/section>\n\t\t\t\t<section class=\"elementor-section elementor-top-section elementor-element elementor-element-4968451f elementor-section-content-middle elementor-section-boxed elementor-section-height-default elementor-section-height-default\" data-id=\"4968451f\" data-element_type=\"section\">\n\t\t\t\t\t\t\t<div class=\"elementor-background-overlay\"><\/div>\n\t\t\t\t\t\t\t<div class=\"elementor-container elementor-column-gap-no\">\n\t\t\t\t\t<div class=\"elementor-column elementor-col-100 elementor-top-column elementor-element elementor-element-ed73ff3\" data-id=\"ed73ff3\" data-element_type=\"column\">\n\t\t\t<div class=\"elementor-widget-wrap elementor-element-populated\">\n\t\t\t\t\t\t<div class=\"elementor-element elementor-element-765d992d elementor-widget__width-initial elementor-widget elementor-widget-text-editor\" data-id=\"765d992d\" data-element_type=\"widget\" data-widget_type=\"text-editor.default\">\n\t\t\t\t<div class=\"elementor-widget-container\">\n\t\t\t<style>\/*! elementor - v3.22.0 - 26-06-2024 *\/\n.elementor-widget-text-editor.elementor-drop-cap-view-stacked .elementor-drop-cap{background-color:#69727d;color:#fff}.elementor-widget-text-editor.elementor-drop-cap-view-framed .elementor-drop-cap{color:#69727d;border:3px solid;background-color:transparent}.elementor-widget-text-editor:not(.elementor-drop-cap-view-default) .elementor-drop-cap{margin-top:8px}.elementor-widget-text-editor:not(.elementor-drop-cap-view-default) .elementor-drop-cap-letter{width:1em;height:1em}.elementor-widget-text-editor .elementor-drop-cap{float:left;text-align:center;line-height:1;font-size:50px}.elementor-widget-text-editor .elementor-drop-cap-letter{display:inline-block}<\/style>\t\t\t\t<p class=\"p1\">Bienvenue sur le site web de La G\u00e9n\u00e9rale des Produits de Construction (LGPC). Nous vous remercions de visiter notre site. Veuillez lire attentivement les mentions l\u00e9gales suivantes qui r\u00e9gissent votre utilisation de notre site web. En acc\u00e9dant \u00e0 ce site, vous acceptez les conditions g\u00e9n\u00e9rales \u00e9nonc\u00e9es ci-dessous. Si vous n&#8217;acceptez pas ces conditions, veuillez ne pas utiliser notre site.<\/p><p class=\"p1\"><strong>1. Propri\u00e9t\u00e9 du Site<\/strong><\/p><p class=\"p1\">Ce site web est la propri\u00e9t\u00e9 de La G\u00e9n\u00e9rale des Produits de Construction (LGPC).<\/p><p class=\"p1\"><strong>2. Contenu du Site<\/strong><\/p><p class=\"p1\">Le contenu de ce site web est fourni \u00e0 titre informatif uniquement. Bien que nous nous efforcions de maintenir les informations \u00e0 jour et exactes, nous ne donnons aucune garantie, expresse ou implicite, quant \u00e0 l&#8217;exhaustivit\u00e9, l&#8217;exactitude, la fiabilit\u00e9 ou la disponibilit\u00e9 du contenu du site. Vous reconnaissez que l&#8217;utilisation des informations sur ce site se fait \u00e0 vos propres risques et responsabilit\u00e9s.<\/p><p class=\"p1\"><strong>3. Droits d&#8217;auteur<\/strong><\/p><p class=\"p1\">Tous les contenus pr\u00e9sents sur ce site, y compris, mais sans s&#8217;y limiter, les textes, images, graphiques, logos, vid\u00e9os, fichiers audio, ic\u00f4nes et logiciels, sont la propri\u00e9t\u00e9 exclusive de LGPC ou de ses fournisseurs de contenu et sont prot\u00e9g\u00e9s par les lois sur le droit d&#8217;auteur. Vous ne pouvez pas reproduire, distribuer, modifier, afficher publiquement, transmettre ou utiliser de quelques mani\u00e8res que ce soit le contenu de ce site sans l&#8217;autorisation \u00e9crite pr\u00e9alable de LGPC.<\/p><p class=\"p1\"><strong>4. Liens vers des Sites Tiers<\/strong><\/p><p class=\"p1\">Ce site peut contenir des liens vers des sites web tiers. Ces liens sont fournis uniquement pour votre commodit\u00e9. LGPC n&#8217;a aucun contr\u00f4le sur le contenu de ces sites tiers et n&#8217;assume aucune responsabilit\u00e9 pour le contenu, la politique de confidentialit\u00e9 ou les pratiques des sites tiers. L&#8217;acc\u00e8s \u00e0 ces sites tiers se fait \u00e0 vos propres risques.<\/p><p class=\"p1\"><strong>5. Respect de la Vie Priv\u00e9e<\/strong><\/p><p class=\"p1\">Nous nous engageons \u00e0 respecter la confidentialit\u00e9 et la protection de vos donn\u00e9es personnelles conform\u00e9ment \u00e0 notre politique de confidentialit\u00e9. Pour plus d&#8217;informations sur la collecte et l&#8217;utilisation de vos donn\u00e9es personnelles, veuillez consulter notre politique de confidentialit\u00e9.<br \/><br \/><\/p><p class=\"p1\"><strong>6. Limitation de Responsabilit\u00e9<\/strong><\/p><p class=\"p1\">En aucun cas, LGPC, ses dirigeants, employ\u00e9s ou agents ne seront tenus responsables des dommages directs, indirects, accessoires, sp\u00e9ciaux, cons\u00e9cutifs ou punitifs r\u00e9sultant de l&#8217;utilisation ou de l&#8217;incapacit\u00e9 d&#8217;utiliser ce site, y compris, sans s&#8217;y limiter, les dommages caus\u00e9s par des erreurs, des omissions, des interruptions, des d\u00e9fauts, des retards dans le fonctionnement ou la transmission, des virus informatiques, des pannes de ligne, etc.<\/p><p class=\"p1\"><strong>7. Modification des Mentions L\u00e9gales<\/strong><\/p><p class=\"p1\">LGPC se r\u00e9serve le droit de modifier les pr\u00e9sentes mentions l\u00e9gales \u00e0 tout moment sans pr\u00e9avis. Les modifications entreront en vigueur d\u00e8s leur publication sur ce site.<\/p><p class=\"p1\"><strong>8. Droit Applicable et Juridiction<\/strong><\/p><p class=\"p1\">Ces mentions l\u00e9gales sont r\u00e9gies par les lois en vigueur au Burkina Faso. Tout litige concernant ces mentions l\u00e9gales sera soumis \u00e0 la juridiction des tribunaux comp\u00e9tents du Burkina Faso.<\/p><p class=\"p1\">Pour toute question au sujet de ces mentions l\u00e9gales, veuillez nous contacter \u00e0 l&#8217;adresse<span class=\"s1\"> contact@lgpc-bf.com .<\/span><\/p><p class=\"p1\">Date de la derni\u00e8re mise \u00e0 jour :30\/07\/2023 Chez La G\u00e9n\u00e9rale des Produits de Construction<\/p>\t\t\t\t\t\t<\/div>\n\t\t\t\t<\/div>\n\t\t\t\t\t<\/div>\n\t\t<\/div>\n\t\t\t\t\t<\/div>\n\t\t<\/section>\n\t\t\t\t<\/div>\n\t\t","protected":false},"excerpt":{"rendered":"<p>Mentions L\u00e9gales Bienvenue sur le site web de La G\u00e9n\u00e9rale des Produits de Construction (LGPC). Nous vous remercions de visiter notre site. Veuillez lire attentivement les mentions l\u00e9gales suivantes qui r\u00e9gissent votre utilisation de notre site web. En acc\u00e9dant \u00e0 ce site, vous acceptez les conditions g\u00e9n\u00e9rales \u00e9nonc\u00e9es ci-dessous. Si vous n&#8217;acceptez pas ces conditions, [&hellip;]<\/p>\n","protected":false},"author":1,"featured_media":0,"parent":0,"menu_order":0,"comment_status":"closed","ping_status":"closed","template":"","meta":{"footnotes":""},"class_list":["post-20","page","type-page","status-publish","hentry","entry"],"yoast_head":"<!-- This site is optimized with the Yoast SEO plugin v23.0 - https:\/\/yoast.com\/wordpress\/plugins\/seo\/ -->\n<title>MENTIONS L\u00c9GALES - lgpc-bf.com<\/title>\n<meta name=\"robots\" content=\"index, follow, max-snippet:-1, max-image-preview:large, max-video-preview:-1\" \/>\n<link rel=\"canonical\" href=\"https:\/\/lgpc-bf.com\/?page_id=20\" \/>\n<meta property=\"og:locale\" content=\"en_US\" \/>\n<meta property=\"og:type\" content=\"article\" \/>\n<meta property=\"og:title\" content=\"MENTIONS L\u00c9GALES - lgpc-bf.com\" \/>\n<meta property=\"og:description\" content=\"Mentions L\u00e9gales Bienvenue sur le site web de La G\u00e9n\u00e9rale des Produits de Construction (LGPC). Nous vous remercions de visiter notre site. Veuillez lire attentivement les mentions l\u00e9gales suivantes qui r\u00e9gissent votre utilisation de notre site web. En acc\u00e9dant \u00e0 ce site, vous acceptez les conditions g\u00e9n\u00e9rales \u00e9nonc\u00e9es ci-dessous. Si vous n&#8217;acceptez pas ces conditions, [&hellip;]\" \/>\n<meta property=\"og:url\" content=\"https:\/\/lgpc-bf.com\/?page_id=20\" \/>\n<meta property=\"og:site_name\" content=\"lgpc-bf.com\" \/>\n<meta property=\"article:modified_time\" content=\"2023-08-06T15:19:33+00:00\" \/>\n<meta name=\"twitter:card\" content=\"summary_large_image\" \/>\n<meta name=\"twitter:label1\" content=\"Est. reading time\" \/>\n\t<meta name=\"twitter:data1\" content=\"3 minutes\" \/>\n<script type=\"application\/ld+json\" class=\"yoast-schema-graph\">{\"@context\":\"https:\/\/schema.org\",\"@graph\":[{\"@type\":\"WebPage\",\"@id\":\"https:\/\/lgpc-bf.com\/?page_id=20\",\"url\":\"https:\/\/lgpc-bf.com\/?page_id=20\",\"name\":\"MENTIONS L\u00c9GALES - lgpc-bf.com\",\"isPartOf\":{\"@id\":\"https:\/\/lgpc-bf.com\/#website\"},\"datePublished\":\"2023-08-01T11:46:14+00:00\",\"dateModified\":\"2023-08-06T15:19:33+00:00\",\"breadcrumb\":{\"@id\":\"https:\/\/lgpc-bf.com\/?page_id=20#breadcrumb\"},\"inLanguage\":\"en-US\",\"potentialAction\":[{\"@type\":\"ReadAction\",\"target\":[\"https:\/\/lgpc-bf.com\/?page_id=20\"]}]},{\"@type\":\"BreadcrumbList\",\"@id\":\"https:\/\/lgpc-bf.com\/?page_id=20#breadcrumb\",\"itemListElement\":[{\"@type\":\"ListItem\",\"position\":1,\"name\":\"Accueil\",\"item\":\"https:\/\/lgpc-bf.com\/\"},{\"@type\":\"ListItem\",\"position\":2,\"name\":\"MENTIONS L\u00c9GALES\"}]},{\"@type\":\"WebSite\",\"@id\":\"https:\/\/lgpc-bf.com\/#website\",\"url\":\"https:\/\/lgpc-bf.com\/\",\"name\":\"lgpc-bf.com\",\"description\":\"\",\"publisher\":{\"@id\":\"https:\/\/lgpc-bf.com\/#organization\"},\"potentialAction\":[{\"@type\":\"SearchAction\",\"target\":{\"@type\":\"EntryPoint\",\"urlTemplate\":\"https:\/\/lgpc-bf.com\/?s={search_term_string}\"},\"query-input\":\"required name=search_term_string\"}],\"inLanguage\":\"en-US\"},{\"@type\":\"Organization\",\"@id\":\"https:\/\/lgpc-bf.com\/#organization\",\"name\":\"lgpc-bf.com\",\"url\":\"https:\/\/lgpc-bf.com\/\",\"logo\":{\"@type\":\"ImageObject\",\"inLanguage\":\"en-US\",\"@id\":\"https:\/\/lgpc-bf.com\/#\/schema\/logo\/image\/\",\"url\":\"https:\/\/lgpc-bf.com\/wp-content\/uploads\/2023\/08\/cropped-LOGO-LGPC-2-scaled-e1690892764379.webp\",\"contentUrl\":\"https:\/\/lgpc-bf.com\/wp-content\/uploads\/2023\/08\/cropped-LOGO-LGPC-2-scaled-e1690892764379.webp\",\"width\":1958,\"height\":706,\"caption\":\"lgpc-bf.com\"},\"image\":{\"@id\":\"https:\/\/lgpc-bf.com\/#\/schema\/logo\/image\/\"}}]}<\/script>\n<!-- \/ Yoast SEO plugin. -->","yoast_head_json":{"title":"MENTIONS L\u00c9GALES - lgpc-bf.com","robots":{"index":"index","follow":"follow","max-snippet":"max-snippet:-1","max-image-preview":"max-image-preview:large","max-video-preview":"max-video-preview:-1"},"canonical":"https:\/\/lgpc-bf.com\/?page_id=20","og_locale":"en_US","og_type":"article","og_title":"MENTIONS L\u00c9GALES - lgpc-bf.com","og_description":"Mentions L\u00e9gales Bienvenue sur le site web de La G\u00e9n\u00e9rale des Produits de Construction (LGPC). Nous vous remercions de visiter notre site. Veuillez lire attentivement les mentions l\u00e9gales suivantes qui r\u00e9gissent votre utilisation de notre site web. En acc\u00e9dant \u00e0 ce site, vous acceptez les conditions g\u00e9n\u00e9rales \u00e9nonc\u00e9es ci-dessous. Si vous n&#8217;acceptez pas ces conditions, [&hellip;]","og_url":"https:\/\/lgpc-bf.com\/?page_id=20","og_site_name":"lgpc-bf.com","article_modified_time":"2023-08-06T15:19:33+00:00","twitter_card":"summary_large_image","twitter_misc":{"Est. reading time":"3 minutes"},"schema":{"@context":"https:\/\/schema.org","@graph":[{"@type":"WebPage","@id":"https:\/\/lgpc-bf.com\/?page_id=20","url":"https:\/\/lgpc-bf.com\/?page_id=20","name":"MENTIONS L\u00c9GALES - lgpc-bf.com","isPartOf":{"@id":"https:\/\/lgpc-bf.com\/#website"},"datePublished":"2023-08-01T11:46:14+00:00","dateModified":"2023-08-06T15:19:33+00:00","breadcrumb":{"@id":"https:\/\/lgpc-bf.com\/?page_id=20#breadcrumb"},"inLanguage":"en-US","potentialAction":[{"@type":"ReadAction","target":["https:\/\/lgpc-bf.com\/?page_id=20"]}]},{"@type":"BreadcrumbList","@id":"https:\/\/lgpc-bf.com\/?page_id=20#breadcrumb","itemListElement":[{"@type":"ListItem","position":1,"name":"Accueil","item":"https:\/\/lgpc-bf.com\/"},{"@type":"ListItem","position":2,"name":"MENTIONS L\u00c9GALES"}]},{"@type":"WebSite","@id":"https:\/\/lgpc-bf.com\/#website","url":"https:\/\/lgpc-bf.com\/","name":"lgpc-bf.com","description":"","publisher":{"@id":"https:\/\/lgpc-bf.com\/#organization"},"potentialAction":[{"@type":"SearchAction","target":{"@type":"EntryPoint","urlTemplate":"https:\/\/lgpc-bf.com\/?s={search_term_string}"},"query-input":"required name=search_term_string"}],"inLanguage":"en-US"},{"@type":"Organization","@id":"https:\/\/lgpc-bf.com\/#organization","name":"lgpc-bf.com","url":"https:\/\/lgpc-bf.com\/","logo":{"@type":"ImageObject","inLanguage":"en-US","@id":"https:\/\/lgpc-bf.com\/#\/schema\/logo\/image\/","url":"https:\/\/lgpc-bf.com\/wp-content\/uploads\/2023\/08\/cropped-LOGO-LGPC-2-scaled-e1690892764379.webp","contentUrl":"https:\/\/lgpc-bf.com\/wp-content\/uploads\/2023\/08\/cropped-LOGO-LGPC-2-scaled-e1690892764379.webp","width":1958,"height":706,"caption":"lgpc-bf.com"},"image":{"@id":"https:\/\/lgpc-bf.com\/#\/schema\/logo\/image\/"}}]}},"_links":{"self":[{"href":"https:\/\/lgpc-bf.com\/index.php?rest_route=\/wp\/v2\/pages\/20"}],"collection":[{"href":"https:\/\/lgpc-bf.com\/index.php?rest_route=\/wp\/v2\/pages"}],"about":[{"href":"https:\/\/lgpc-bf.com\/index.php?rest_route=\/wp\/v2\/types\/page"}],"author":[{"embeddable":true,"href":"https:\/\/lgpc-bf.com\/index.php?rest_route=\/wp\/v2\/users\/1"}],"replies":[{"embeddable":true,"href":"https:\/\/lgpc-bf.com\/index.php?rest_route=%2Fwp%2Fv2%2Fcomments&post=20"}],"version-history":[{"count":7,"href":"https:\/\/lgpc-bf.com\/index.php?rest_route=\/wp\/v2\/pages\/20\/revisions"}],"predecessor-version":[{"id":428,"href":"https:\/\/lgpc-bf.com\/index.php?rest_route=\/wp\/v2\/pages\/20\/revisions\/428"}],"wp:attachment":[{"href":"https:\/\/lgpc-bf.com\/index.php?rest_route=%2Fwp%2Fv2%2Fmedia&parent=20"}],"curies":[{"name":"wp","href":"https:\/\/api.w.org\/{rel}","templated":true}]}}