{"id":16,"date":"2023-08-01T13:44:19","date_gmt":"2023-08-01T11:44:19","guid":{"rendered":"https:\/\/lgpc-bf.com\/?page_id=16"},"modified":"2023-08-09T16:55:35","modified_gmt":"2023-08-09T14:55:35","slug":"contact","status":"publish","type":"page","link":"https:\/\/lgpc-bf.com\/?page_id=16","title":{"rendered":"CONTACT"},"content":{"rendered":"\t\t<div data-elementor-type=\"wp-page\" data-elementor-id=\"16\" class=\"elementor elementor-16\">\n\t\t\t\t\t\t<section class=\"elementor-section elementor-top-section elementor-element elementor-element-dafb97b elementor-section-stretched elementor-section-boxed elementor-section-height-default elementor-section-height-default\" data-id=\"dafb97b\" data-element_type=\"section\" data-settings=\"{&quot;stretch_section&quot;:&quot;section-stretched&quot;,&quot;background_background&quot;:&quot;classic&quot;}\">\n\t\t\t\t\t\t\t<div class=\"elementor-background-overlay\"><\/div>\n\t\t\t\t\t\t\t<div class=\"elementor-container elementor-column-gap-default\">\n\t\t\t\t\t<div class=\"elementor-column elementor-col-100 elementor-top-column elementor-element elementor-element-4bdad1e\" data-id=\"4bdad1e\" data-element_type=\"column\">\n\t\t\t<div class=\"elementor-widget-wrap elementor-element-populated\">\n\t\t\t\t\t\t<div class=\"elementor-element elementor-element-cf2fe8b elementor-widget__width-initial elementor-widget elementor-widget-heading\" data-id=\"cf2fe8b\" data-element_type=\"widget\" data-widget_type=\"heading.default\">\n\t\t\t\t<div class=\"elementor-widget-container\">\n\t\t\t<style>\/*! elementor - v3.22.0 - 26-06-2024 *\/\n.elementor-heading-title{padding:0;margin:0;line-height:1}.elementor-widget-heading .elementor-heading-title[class*=elementor-size-]>a{color:inherit;font-size:inherit;line-height:inherit}.elementor-widget-heading .elementor-heading-title.elementor-size-small{font-size:15px}.elementor-widget-heading .elementor-heading-title.elementor-size-medium{font-size:19px}.elementor-widget-heading .elementor-heading-title.elementor-size-large{font-size:29px}.elementor-widget-heading .elementor-heading-title.elementor-size-xl{font-size:39px}.elementor-widget-heading .elementor-heading-title.elementor-size-xxl{font-size:59px}<\/style><h1 class=\"elementor-heading-title elementor-size-default\">Contact<\/h1>\t\t<\/div>\n\t\t\t\t<\/div>\n\t\t\t\t\t<\/div>\n\t\t<\/div>\n\t\t\t\t\t<\/div>\n\t\t<\/section>\n\t\t\t\t<section class=\"elementor-section elementor-top-section elementor-element elementor-element-b3b4071 elementor-section-boxed elementor-section-height-default elementor-section-height-default\" data-id=\"b3b4071\" data-element_type=\"section\">\n\t\t\t\t\t\t<div class=\"elementor-container elementor-column-gap-default\">\n\t\t\t\t\t<div class=\"elementor-column elementor-col-50 elementor-top-column elementor-element elementor-element-8c13229\" data-id=\"8c13229\" data-element_type=\"column\">\n\t\t\t<div class=\"elementor-widget-wrap elementor-element-populated\">\n\t\t\t\t\t\t<div class=\"elementor-element elementor-element-1d55bee elementor-widget__width-initial elementor-widget-mobile__width-initial elementor-widget elementor-widget-text-editor\" data-id=\"1d55bee\" data-element_type=\"widget\" data-widget_type=\"text-editor.default\">\n\t\t\t\t<div class=\"elementor-widget-container\">\n\t\t\t<style>\/*! elementor - v3.22.0 - 26-06-2024 *\/\n.elementor-widget-text-editor.elementor-drop-cap-view-stacked .elementor-drop-cap{background-color:#69727d;color:#fff}.elementor-widget-text-editor.elementor-drop-cap-view-framed .elementor-drop-cap{color:#69727d;border:3px solid;background-color:transparent}.elementor-widget-text-editor:not(.elementor-drop-cap-view-default) .elementor-drop-cap{margin-top:8px}.elementor-widget-text-editor:not(.elementor-drop-cap-view-default) .elementor-drop-cap-letter{width:1em;height:1em}.elementor-widget-text-editor .elementor-drop-cap{float:left;text-align:center;line-height:1;font-size:50px}.elementor-widget-text-editor .elementor-drop-cap-letter{display:inline-block}<\/style>\t\t\t\t<p class=\"p1\">Chez La G\u00e9n\u00e9rale des Produits de Construction (LGPC), nous sommes toujours disponibles pour r\u00e9pondre \u00e0 vos questions, discuter de vos projets et vous fournir des informations suppl\u00e9mentaires sur nos produits et services. N&#8217;h\u00e9sitez pas \u00e0 nous contacter, nous serons ravis de vous aider.<\/p>\t\t\t\t\t\t<\/div>\n\t\t\t\t<\/div>\n\t\t\t\t\t<\/div>\n\t\t<\/div>\n\t\t\t\t<div class=\"elementor-column elementor-col-50 elementor-top-column elementor-element elementor-element-6e0b0fb\" data-id=\"6e0b0fb\" data-element_type=\"column\">\n\t\t\t<div class=\"elementor-widget-wrap elementor-element-populated\">\n\t\t\t\t\t\t<div class=\"elementor-element elementor-element-2b1c47dc elementor-widget__width-initial elementor-widget elementor-widget-heading\" data-id=\"2b1c47dc\" data-element_type=\"widget\" data-widget_type=\"heading.default\">\n\t\t\t\t<div class=\"elementor-widget-container\">\n\t\t\t<h2 class=\"elementor-heading-title elementor-size-default\">Nos Coordonn\u00e9es<\/h2>\t\t<\/div>\n\t\t\t\t<\/div>\n\t\t\t\t<div class=\"elementor-element elementor-element-275d218 elementor-widget__width-initial elementor-widget-divider--view-line elementor-widget elementor-widget-divider\" data-id=\"275d218\" data-element_type=\"widget\" data-widget_type=\"divider.default\">\n\t\t\t\t<div class=\"elementor-widget-container\">\n\t\t\t<style>\/*! elementor - v3.22.0 - 26-06-2024 *\/\n.elementor-widget-divider{--divider-border-style:none;--divider-border-width:1px;--divider-color:#0c0d0e;--divider-icon-size:20px;--divider-element-spacing:10px;--divider-pattern-height:24px;--divider-pattern-size:20px;--divider-pattern-url:none;--divider-pattern-repeat:repeat-x}.elementor-widget-divider .elementor-divider{display:flex}.elementor-widget-divider .elementor-divider__text{font-size:15px;line-height:1;max-width:95%}.elementor-widget-divider .elementor-divider__element{margin:0 var(--divider-element-spacing);flex-shrink:0}.elementor-widget-divider .elementor-icon{font-size:var(--divider-icon-size)}.elementor-widget-divider .elementor-divider-separator{display:flex;margin:0;direction:ltr}.elementor-widget-divider--view-line_icon .elementor-divider-separator,.elementor-widget-divider--view-line_text .elementor-divider-separator{align-items:center}.elementor-widget-divider--view-line_icon .elementor-divider-separator:after,.elementor-widget-divider--view-line_icon .elementor-divider-separator:before,.elementor-widget-divider--view-line_text .elementor-divider-separator:after,.elementor-widget-divider--view-line_text .elementor-divider-separator:before{display:block;content:\"\";border-block-end:0;flex-grow:1;border-block-start:var(--divider-border-width) var(--divider-border-style) var(--divider-color)}.elementor-widget-divider--element-align-left .elementor-divider .elementor-divider-separator>.elementor-divider__svg:first-of-type{flex-grow:0;flex-shrink:100}.elementor-widget-divider--element-align-left .elementor-divider-separator:before{content:none}.elementor-widget-divider--element-align-left .elementor-divider__element{margin-left:0}.elementor-widget-divider--element-align-right .elementor-divider .elementor-divider-separator>.elementor-divider__svg:last-of-type{flex-grow:0;flex-shrink:100}.elementor-widget-divider--element-align-right .elementor-divider-separator:after{content:none}.elementor-widget-divider--element-align-right .elementor-divider__element{margin-right:0}.elementor-widget-divider--element-align-start .elementor-divider .elementor-divider-separator>.elementor-divider__svg:first-of-type{flex-grow:0;flex-shrink:100}.elementor-widget-divider--element-align-start .elementor-divider-separator:before{content:none}.elementor-widget-divider--element-align-start .elementor-divider__element{margin-inline-start:0}.elementor-widget-divider--element-align-end .elementor-divider .elementor-divider-separator>.elementor-divider__svg:last-of-type{flex-grow:0;flex-shrink:100}.elementor-widget-divider--element-align-end .elementor-divider-separator:after{content:none}.elementor-widget-divider--element-align-end .elementor-divider__element{margin-inline-end:0}.elementor-widget-divider:not(.elementor-widget-divider--view-line_text):not(.elementor-widget-divider--view-line_icon) .elementor-divider-separator{border-block-start:var(--divider-border-width) var(--divider-border-style) var(--divider-color)}.elementor-widget-divider--separator-type-pattern{--divider-border-style:none}.elementor-widget-divider--separator-type-pattern.elementor-widget-divider--view-line .elementor-divider-separator,.elementor-widget-divider--separator-type-pattern:not(.elementor-widget-divider--view-line) .elementor-divider-separator:after,.elementor-widget-divider--separator-type-pattern:not(.elementor-widget-divider--view-line) .elementor-divider-separator:before,.elementor-widget-divider--separator-type-pattern:not([class*=elementor-widget-divider--view]) .elementor-divider-separator{width:100%;min-height:var(--divider-pattern-height);-webkit-mask-size:var(--divider-pattern-size) 100%;mask-size:var(--divider-pattern-size) 100%;-webkit-mask-repeat:var(--divider-pattern-repeat);mask-repeat:var(--divider-pattern-repeat);background-color:var(--divider-color);-webkit-mask-image:var(--divider-pattern-url);mask-image:var(--divider-pattern-url)}.elementor-widget-divider--no-spacing{--divider-pattern-size:auto}.elementor-widget-divider--bg-round{--divider-pattern-repeat:round}.rtl .elementor-widget-divider .elementor-divider__text{direction:rtl}.e-con-inner>.elementor-widget-divider,.e-con>.elementor-widget-divider{width:var(--container-widget-width,100%);--flex-grow:var(--container-widget-flex-grow)}<\/style>\t\t<div class=\"elementor-divider\">\n\t\t\t<span class=\"elementor-divider-separator\">\n\t\t\t\t\t\t<\/span>\n\t\t<\/div>\n\t\t\t\t<\/div>\n\t\t\t\t<\/div>\n\t\t\t\t<div class=\"elementor-element elementor-element-df79269 elementor-widget__width-initial elementor-widget elementor-widget-text-editor\" data-id=\"df79269\" data-element_type=\"widget\" data-widget_type=\"text-editor.default\">\n\t\t\t\t<div class=\"elementor-widget-container\">\n\t\t\t\t\t\t\t<p class=\"p1\"><strong>T\u00e9l\u00e9phone :<\/strong><br \/><em><strong>Service Commercial &amp; Contentieux<\/strong>\u00a0<\/em>: +226 73 48 05 14 \/ 60 58 24 24<br \/><em><strong>Service Technique<\/strong> <\/em>: +226 73 99 71 25 \/ 68 23 14 59<br \/><em><strong>Service Administratif<\/strong> <\/em>: +226 69 00 30 90<br \/><em><strong>Service Comptable<\/strong>\u00a0<\/em>: +226 79 26 94 16 \/ 61 40 07 10<\/p><p class=\"p1\"><strong>Adresse :<\/strong><br \/>12 BP 338 Ouagadougou 12<\/p><p class=\"p1\"><strong>Adresse e-mail :<\/strong> <br \/>contact@lgpc-bf.com \/\u00a0lgpcsarl.bf@gmail.com<\/p><p class=\"p1\"><strong>Horaires d&#8217;ouverture<\/strong><br \/>Notre \u00e9quipe est disponible pour vous servir aux horaires suivants :<br \/>\u00a0 \u00a0<em><strong>Lundi au vendredi<\/strong><\/em> : 8 : 00 &#8211; 17 : 00<br \/>\u00a0 \u00a0<em><strong>Samedi :<\/strong><\/em> 8 : 00 &#8211; 14 : 00<br \/>\u00a0 \u00a0<em><strong>Dimanche<\/strong><\/em> : <span style=\"color: #ff0000;\">Ferm<\/span><\/p>\t\t\t\t\t\t<\/div>\n\t\t\t\t<\/div>\n\t\t\t\t\t<\/div>\n\t\t<\/div>\n\t\t\t\t\t<\/div>\n\t\t<\/section>\n\t\t\t\t<section class=\"elementor-section elementor-top-section elementor-element elementor-element-a6dbba3 elementor-section-boxed elementor-section-height-default elementor-section-height-default\" data-id=\"a6dbba3\" data-element_type=\"section\">\n\t\t\t\t\t\t<div class=\"elementor-container elementor-column-gap-default\">\n\t\t\t\t\t<div class=\"elementor-column elementor-col-100 elementor-top-column elementor-element elementor-element-01cb5ca\" data-id=\"01cb5ca\" data-element_type=\"column\">\n\t\t\t<div class=\"elementor-widget-wrap\">\n\t\t\t\t\t\t\t<\/div>\n\t\t<\/div>\n\t\t\t\t\t<\/div>\n\t\t<\/section>\n\t\t\t\t<section class=\"elementor-section elementor-top-section elementor-element elementor-element-7723d72 elementor-section-boxed elementor-section-height-default elementor-section-height-default\" data-id=\"7723d72\" data-element_type=\"section\">\n\t\t\t\t\t\t<div class=\"elementor-container elementor-column-gap-default\">\n\t\t\t\t\t<div class=\"elementor-column elementor-col-100 elementor-top-column elementor-element elementor-element-7d35a1d\" data-id=\"7d35a1d\" data-element_type=\"column\">\n\t\t\t<div class=\"elementor-widget-wrap elementor-element-populated\">\n\t\t\t\t\t\t<div class=\"elementor-element elementor-element-cf02903 elementor-widget elementor-widget-formidable\" data-id=\"cf02903\" data-element_type=\"widget\" data-widget_type=\"formidable.default\">\n\t\t\t\t<div class=\"elementor-widget-container\">\n\t\t\t<div class=\"frm_forms  with_frm_style frm_style_style-formidable\" id=\"frm_form_2_container\" data-token=\"3ece082a528bfbb731ec4a76512cf2f5\">\n<form enctype=\"multipart\/form-data\" method=\"post\" class=\"frm-show-form \" id=\"form_formulairedecontactlgpc\"  data-token=\"3ece082a528bfbb731ec4a76512cf2f5\">\n<div class=\"frm_form_fields \">\n<fieldset>\n<legend class=\"frm_screen_reader\">Formulaire de contact LGPC<\/legend>\r\n\r\n<div class=\"frm_fields_container\">\n<input type=\"hidden\" name=\"frm_action\" value=\"create\" \/>\n<input type=\"hidden\" name=\"form_id\" value=\"2\" \/>\n<input type=\"hidden\" name=\"frm_hide_fields_2\" id=\"frm_hide_fields_2\" value=\"\" \/>\n<input type=\"hidden\" name=\"form_key\" value=\"formulairedecontactlgpc\" \/>\n<input type=\"hidden\" name=\"item_meta[0]\" value=\"\" \/>\n<input type=\"hidden\" id=\"frm_submit_entry_2\" name=\"frm_submit_entry_2\" value=\"5330e7aa7b\" \/><input type=\"hidden\" name=\"_wp_http_referer\" value=\"\/index.php?rest_route=%2Fwp%2Fv2%2Fpages%2F16\" \/><div id=\"frm_field_6_container\" class=\"frm_form_field form-field  frm_required_field frm_none_container frm_half\">\r\n    <label for=\"field_9655x\" id=\"field_9655x_label\" class=\"frm_primary_label\">Nom \r\n        <span class=\"frm_required\" aria-hidden=\"true\">*<\/span>\r\n    <\/label>\r\n    <input type=\"text\" id=\"field_9655x\" name=\"item_meta[6]\" value=\"\"  placeholder=\"Nom\" data-reqmsg=\"Ce champ ne peut pas \u00eatre vide\" aria-required=\"true\" data-invmsg=\"texte est non valide\" aria-invalid=\"false\"  \/>\r\n    \r\n    \r\n<\/div>\n<div id=\"frm_field_7_container\" class=\"frm_form_field form-field  frm_required_field frm_none_container frm_half\">\r\n    <label for=\"field_rs987\" id=\"field_rs987_label\" class=\"frm_primary_label\">Pr\u00e9noms\r\n        <span class=\"frm_required\" aria-hidden=\"true\">*<\/span>\r\n    <\/label>\r\n    <input type=\"text\" id=\"field_rs987\" name=\"item_meta[7]\" value=\"\"  placeholder=\"Pr\u00e9noms\" data-reqmsg=\"Ce champ ne peut pas \u00eatre vide\" aria-required=\"true\" data-invmsg=\"texte est non valide\" aria-invalid=\"false\"  \/>\r\n    \r\n    \r\n<\/div>\n<div id=\"frm_field_8_container\" class=\"frm_form_field form-field  frm_none_container frm_two_thirds frm_half\">\r\n    <label for=\"field_b2jns\" id=\"field_b2jns_label\" class=\"frm_primary_label\">Email\r\n        <span class=\"frm_required\" aria-hidden=\"true\"><\/span>\r\n    <\/label>\r\n    <input type=\"email\" id=\"field_b2jns\" name=\"item_meta[8]\" value=\"\"  placeholder=\"Email\" data-invmsg=\"Email est non valide\" aria-invalid=\"false\"  \/>\r\n    \r\n    \r\n<\/div>\n<div id=\"frm_field_9_container\" class=\"frm_form_field form-field  frm_required_field frm_none_container frm_half frm_two_thirds\">\r\n    <label for=\"field_zqjid\" id=\"field_zqjid_label\" class=\"frm_primary_label\">Paragraphe\r\n        <span class=\"frm_required\" aria-hidden=\"true\">*<\/span>\r\n    <\/label>\r\n    <textarea name=\"item_meta[9]\" id=\"field_zqjid\" rows=\"5\"  placeholder=\"Paragraphe\" data-reqmsg=\"Ce champ ne peut pas \u00eatre vide\" aria-required=\"true\" data-invmsg=\"Paragraphe is invalid\" aria-invalid=\"false\"  ><\/textarea>\r\n    \r\n    \r\n<\/div>\n\t<input type=\"hidden\" name=\"item_key\" value=\"\" \/>\n\t\t\t\t<div class=\"frm__668a972a423ad\">\n\t\t\t\t<label for=\"frm_email_2\" >\n\t\t\t\t\tIf you are human, leave this field blank.\t\t\t\t<\/label>\n\t\t\t\t<input  id=\"frm_email_2\" type=\"text\" class=\"frm_verify\" name=\"frm__668a972a423ad\" value=\"\" autocomplete=\"off\"  \/>\n\t\t\t<\/div>\n\t\t<div class=\"frm_submit\">\r\n\r\n<button class=\"frm_button_submit\" type=\"submit\"  >Nous Contacter <\/button>\r\n\r\n\r\n<\/div><\/div>\n<\/fieldset>\n<\/div>\n<\/form>\n<\/div>\n\t\t<\/div>\n\t\t\t\t<\/div>\n\t\t\t\t\t<\/div>\n\t\t<\/div>\n\t\t\t\t\t<\/div>\n\t\t<\/section>\n\t\t\t\t<\/div>\n\t\t","protected":false},"excerpt":{"rendered":"<p>Contact Chez La G\u00e9n\u00e9rale des Produits de Construction (LGPC), nous sommes toujours disponibles pour r\u00e9pondre \u00e0 vos questions, discuter de vos projets et vous fournir des informations suppl\u00e9mentaires sur nos produits et services. N&#8217;h\u00e9sitez pas \u00e0 nous contacter, nous serons ravis de vous aider. Nos Coordonn\u00e9es T\u00e9l\u00e9phone :Service Commercial &amp; Contentieux\u00a0: +226 73 48 05 [&hellip;]<\/p>\n","protected":false},"author":1,"featured_media":0,"parent":0,"menu_order":0,"comment_status":"closed","ping_status":"closed","template":"","meta":{"footnotes":""},"class_list":["post-16","page","type-page","status-publish","hentry","entry"],"yoast_head":"<!-- This site is optimized with the Yoast SEO plugin v23.0 - https:\/\/yoast.com\/wordpress\/plugins\/seo\/ -->\n<title>CONTACT - lgpc-bf.com<\/title>\n<meta name=\"robots\" content=\"index, follow, max-snippet:-1, max-image-preview:large, max-video-preview:-1\" \/>\n<link rel=\"canonical\" href=\"https:\/\/lgpc-bf.com\/?page_id=16\" \/>\n<meta property=\"og:locale\" content=\"en_US\" \/>\n<meta property=\"og:type\" content=\"article\" \/>\n<meta property=\"og:title\" content=\"CONTACT - lgpc-bf.com\" \/>\n<meta property=\"og:description\" content=\"Contact Chez La G\u00e9n\u00e9rale des Produits de Construction (LGPC), nous sommes toujours disponibles pour r\u00e9pondre \u00e0 vos questions, discuter de vos projets et vous fournir des informations suppl\u00e9mentaires sur nos produits et services. N&#8217;h\u00e9sitez pas \u00e0 nous contacter, nous serons ravis de vous aider. Nos Coordonn\u00e9es T\u00e9l\u00e9phone :Service Commercial &amp; Contentieux\u00a0: +226 73 48 05 [&hellip;]\" \/>\n<meta property=\"og:url\" content=\"https:\/\/lgpc-bf.com\/?page_id=16\" \/>\n<meta property=\"og:site_name\" content=\"lgpc-bf.com\" \/>\n<meta property=\"article:modified_time\" content=\"2023-08-09T14:55:35+00:00\" \/>\n<meta name=\"twitter:card\" content=\"summary_large_image\" \/>\n<meta name=\"twitter:label1\" content=\"Est. reading time\" \/>\n\t<meta name=\"twitter:data1\" content=\"1 minute\" \/>\n<script type=\"application\/ld+json\" class=\"yoast-schema-graph\">{\"@context\":\"https:\/\/schema.org\",\"@graph\":[{\"@type\":\"WebPage\",\"@id\":\"https:\/\/lgpc-bf.com\/?page_id=16\",\"url\":\"https:\/\/lgpc-bf.com\/?page_id=16\",\"name\":\"CONTACT - lgpc-bf.com\",\"isPartOf\":{\"@id\":\"https:\/\/lgpc-bf.com\/#website\"},\"datePublished\":\"2023-08-01T11:44:19+00:00\",\"dateModified\":\"2023-08-09T14:55:35+00:00\",\"breadcrumb\":{\"@id\":\"https:\/\/lgpc-bf.com\/?page_id=16#breadcrumb\"},\"inLanguage\":\"en-US\",\"potentialAction\":[{\"@type\":\"ReadAction\",\"target\":[\"https:\/\/lgpc-bf.com\/?page_id=16\"]}]},{\"@type\":\"BreadcrumbList\",\"@id\":\"https:\/\/lgpc-bf.com\/?page_id=16#breadcrumb\",\"itemListElement\":[{\"@type\":\"ListItem\",\"position\":1,\"name\":\"Accueil\",\"item\":\"https:\/\/lgpc-bf.com\/\"},{\"@type\":\"ListItem\",\"position\":2,\"name\":\"CONTACT\"}]},{\"@type\":\"WebSite\",\"@id\":\"https:\/\/lgpc-bf.com\/#website\",\"url\":\"https:\/\/lgpc-bf.com\/\",\"name\":\"lgpc-bf.com\",\"description\":\"\",\"publisher\":{\"@id\":\"https:\/\/lgpc-bf.com\/#organization\"},\"potentialAction\":[{\"@type\":\"SearchAction\",\"target\":{\"@type\":\"EntryPoint\",\"urlTemplate\":\"https:\/\/lgpc-bf.com\/?s={search_term_string}\"},\"query-input\":\"required name=search_term_string\"}],\"inLanguage\":\"en-US\"},{\"@type\":\"Organization\",\"@id\":\"https:\/\/lgpc-bf.com\/#organization\",\"name\":\"lgpc-bf.com\",\"url\":\"https:\/\/lgpc-bf.com\/\",\"logo\":{\"@type\":\"ImageObject\",\"inLanguage\":\"en-US\",\"@id\":\"https:\/\/lgpc-bf.com\/#\/schema\/logo\/image\/\",\"url\":\"https:\/\/lgpc-bf.com\/wp-content\/uploads\/2023\/08\/cropped-LOGO-LGPC-2-scaled-e1690892764379.webp\",\"contentUrl\":\"https:\/\/lgpc-bf.com\/wp-content\/uploads\/2023\/08\/cropped-LOGO-LGPC-2-scaled-e1690892764379.webp\",\"width\":1958,\"height\":706,\"caption\":\"lgpc-bf.com\"},\"image\":{\"@id\":\"https:\/\/lgpc-bf.com\/#\/schema\/logo\/image\/\"}}]}<\/script>\n<!-- \/ Yoast SEO plugin. -->","yoast_head_json":{"title":"CONTACT - lgpc-bf.com","robots":{"index":"index","follow":"follow","max-snippet":"max-snippet:-1","max-image-preview":"max-image-preview:large","max-video-preview":"max-video-preview:-1"},"canonical":"https:\/\/lgpc-bf.com\/?page_id=16","og_locale":"en_US","og_type":"article","og_title":"CONTACT - lgpc-bf.com","og_description":"Contact Chez La G\u00e9n\u00e9rale des Produits de Construction (LGPC), nous sommes toujours disponibles pour r\u00e9pondre \u00e0 vos questions, discuter de vos projets et vous fournir des informations suppl\u00e9mentaires sur nos produits et services. N&#8217;h\u00e9sitez pas \u00e0 nous contacter, nous serons ravis de vous aider. Nos Coordonn\u00e9es T\u00e9l\u00e9phone :Service Commercial &amp; Contentieux\u00a0: +226 73 48 05 [&hellip;]","og_url":"https:\/\/lgpc-bf.com\/?page_id=16","og_site_name":"lgpc-bf.com","article_modified_time":"2023-08-09T14:55:35+00:00","twitter_card":"summary_large_image","twitter_misc":{"Est. reading time":"1 minute"},"schema":{"@context":"https:\/\/schema.org","@graph":[{"@type":"WebPage","@id":"https:\/\/lgpc-bf.com\/?page_id=16","url":"https:\/\/lgpc-bf.com\/?page_id=16","name":"CONTACT - lgpc-bf.com","isPartOf":{"@id":"https:\/\/lgpc-bf.com\/#website"},"datePublished":"2023-08-01T11:44:19+00:00","dateModified":"2023-08-09T14:55:35+00:00","breadcrumb":{"@id":"https:\/\/lgpc-bf.com\/?page_id=16#breadcrumb"},"inLanguage":"en-US","potentialAction":[{"@type":"ReadAction","target":["https:\/\/lgpc-bf.com\/?page_id=16"]}]},{"@type":"BreadcrumbList","@id":"https:\/\/lgpc-bf.com\/?page_id=16#breadcrumb","itemListElement":[{"@type":"ListItem","position":1,"name":"Accueil","item":"https:\/\/lgpc-bf.com\/"},{"@type":"ListItem","position":2,"name":"CONTACT"}]},{"@type":"WebSite","@id":"https:\/\/lgpc-bf.com\/#website","url":"https:\/\/lgpc-bf.com\/","name":"lgpc-bf.com","description":"","publisher":{"@id":"https:\/\/lgpc-bf.com\/#organization"},"potentialAction":[{"@type":"SearchAction","target":{"@type":"EntryPoint","urlTemplate":"https:\/\/lgpc-bf.com\/?s={search_term_string}"},"query-input":"required name=search_term_string"}],"inLanguage":"en-US"},{"@type":"Organization","@id":"https:\/\/lgpc-bf.com\/#organization","name":"lgpc-bf.com","url":"https:\/\/lgpc-bf.com\/","logo":{"@type":"ImageObject","inLanguage":"en-US","@id":"https:\/\/lgpc-bf.com\/#\/schema\/logo\/image\/","url":"https:\/\/lgpc-bf.com\/wp-content\/uploads\/2023\/08\/cropped-LOGO-LGPC-2-scaled-e1690892764379.webp","contentUrl":"https:\/\/lgpc-bf.com\/wp-content\/uploads\/2023\/08\/cropped-LOGO-LGPC-2-scaled-e1690892764379.webp","width":1958,"height":706,"caption":"lgpc-bf.com"},"image":{"@id":"https:\/\/lgpc-bf.com\/#\/schema\/logo\/image\/"}}]}},"_links":{"self":[{"href":"https:\/\/lgpc-bf.com\/index.php?rest_route=\/wp\/v2\/pages\/16"}],"collection":[{"href":"https:\/\/lgpc-bf.com\/index.php?rest_route=\/wp\/v2\/pages"}],"about":[{"href":"https:\/\/lgpc-bf.com\/index.php?rest_route=\/wp\/v2\/types\/page"}],"author":[{"embeddable":true,"href":"https:\/\/lgpc-bf.com\/index.php?rest_route=\/wp\/v2\/users\/1"}],"replies":[{"embeddable":true,"href":"https:\/\/lgpc-bf.com\/index.php?rest_route=%2Fwp%2Fv2%2Fcomments&post=16"}],"version-history":[{"count":34,"href":"https:\/\/lgpc-bf.com\/index.php?rest_route=\/wp\/v2\/pages\/16\/revisions"}],"predecessor-version":[{"id":457,"href":"https:\/\/lgpc-bf.com\/index.php?rest_route=\/wp\/v2\/pages\/16\/revisions\/457"}],"wp:attachment":[{"href":"https:\/\/lgpc-bf.com\/index.php?rest_route=%2Fwp%2Fv2%2Fmedia&parent=16"}],"curies":[{"name":"wp","href":"https:\/\/api.w.org\/{rel}","templated":true}]}}